{"id":684,"date":"2015-06-18T20:42:11","date_gmt":"2015-06-18T18:42:11","guid":{"rendered":"http:\/\/judo.btc.pl\/?page_id=684"},"modified":"2023-04-16T18:29:08","modified_gmt":"2023-04-16T16:29:08","slug":"egzaminy","status":"publish","type":"page","link":"https:\/\/judo.btc.pl\/?page_id=684","title":{"rendered":"EGZAMINY"},"content":{"rendered":"<pre><span style=\"color: #000080;\"><strong>ZASADY EGZAMIN\u00d3W KYU<\/strong><\/span><\/pre>\n<p><strong>\u00a0<\/strong><\/p>\n<p><strong>Warunki, kt\u00f3re musi spe\u0142ni\u0107 kandydat wyra\u017caj\u0105cy ch\u0119\u0107 przyst\u0105pienia do egzaminu na 6 i kolejne stopnie KYU<\/strong><\/p>\n<p>Aby trener m\u00f3g\u0142 dopu\u015bci\u0107 zawodnika do egzaminu od 6 KYU do 1 KYU, kandydat musi spe\u0142ni\u0107 \u0142\u0105cznie poni\u017csze warunki:<\/p>\n<ol>\n<li>Odbycie minimum 50 lekcji judo od pocz\u0105tku szkolenia (na 6 KYU) lub uzyskania poprzedniego stopnia KYU oraz zdobycie wiedzy i umiej\u0119tno\u015bci zawartych w wykazie (ksi\u0105\u017ceczce) uzyskanym od trenera.<\/li>\n<li>Uzyskanie niezb\u0119dnej ilo\u015bci punkt\u00f3w wymaganej przed przyst\u0105pieniem do egzaminu na stopie\u0144 KYU:<br \/>\n6 KYU &#8211; 2 pkt,<br \/>\n5,5 KYU &#8211; 4 pkt,<br \/>\n5 KYU &#8211; 10 pkt,<br \/>\n4,5 KYU &#8211; 15 pkt,<br \/>\n4 KYU &#8211; 20 pkt,<br \/>\nod 3,5 KYU do 1 KYU &#8211; 30 punkt\u00f3w w:<br \/>\na) turniejach judo<br \/>\nwg nast\u0119puj\u0105cego klucza:<br \/>\n&#8211; udzia\u0142 w zawodach \u2013 2 pkt,<br \/>\n&#8211; zwyci\u0119stwo nad zawodnikiem o stopniu ni\u017cszym &#8211; 1 pkt,<br \/>\n&#8211; zwyci\u0119stwo nad zawodnikiem o stopniu r\u00f3wnym &#8211; 2 pkt,<br \/>\n&#8211; zwyci\u0119stwo nad zawodnikiem o stopniu wy\u017cszym &#8211; 3 pkt;<br \/>\nb) randori (walki mi\u0119dzyklubowe) \u2013 0,5 pkt \/ za ka\u017cd\u0105 walk\u0119 z zawodnikiem z innego klubu.<\/li>\n<li>Uzyskanie rekomendacji trenera prowadz\u0105cego.<\/li>\n<\/ol>\n<p>Ka\u017cdy zawodnik pobiera kart\u0119, w kt\u00f3rej odnotowuje osi\u0105gane wyniki i ka\u017cdorazowo przekazuje do zatwierdzenia trenerowi.<\/p>\n<p>Do pobrania &#8211; <a href=\"http:\/\/judo.btc.pl\/wp-content\/uploads\/2015\/06\/zasady-przyst\u0105pienia-do-egzaminu-KYU1.pdf\">zasady przyst\u0105pienia do egzaminu KYU<\/a><\/p>\n<p>&nbsp;<\/p>\n<h1>Zakres tematyczny na:<\/h1>\n<p><a href=\"http:\/\/judo.btc.pl\/wp-content\/uploads\/2015\/06\/1KYU-ksi\u0105\u017ceczka.pdf\">1KYU ksi\u0105\u017ceczka<\/a><\/p>\n<p><a href=\"http:\/\/judo.btc.pl\/wp-content\/uploads\/2015\/06\/2KYU-ksi\u0105\u017ceczka.pdf\">2KYU ksi\u0105\u017ceczka<\/a><\/p>\n<p><a href=\"http:\/\/judo.btc.pl\/wp-content\/uploads\/2015\/06\/3KYU-ksi\u0105\u017ceczka.pdf\">3KYU ksi\u0105\u017ceczka<\/a><\/p>\n<p><a href=\"http:\/\/judo.btc.pl\/wp-content\/uploads\/2015\/06\/35KYU-ksi\u0105\u017ceczka.pdf\">3,5KYU ksi\u0105\u017ceczka<\/a><\/p>\n<p><a href=\"http:\/\/judo.btc.pl\/wp-content\/uploads\/2015\/06\/4KYU-ksi\u0105\u017ceczka.pdf\">4KYU ksi\u0105\u017ceczka<\/a><\/p>\n<p><a href=\"http:\/\/judo.btc.pl\/wp-content\/uploads\/2015\/06\/45KYU-ksi\u0105\u017ceczka.pdf\">4,5KYU ksi\u0105\u017ceczka<\/a><\/p>\n<p><a href=\"http:\/\/judo.btc.pl\/wp-content\/uploads\/2015\/06\/5KYU-ksi\u0105\u017ceczka.pdf\">5KYU ksi\u0105\u017ceczka<\/a><\/p>\n<p><a href=\"http:\/\/judo.btc.pl\/wp-content\/uploads\/2015\/06\/55KYU-ksi\u0105\u017ceczka.pdf\">5,5KYU ksi\u0105\u017ceczka<\/a><\/p>\n<p><a href=\"http:\/\/judo.btc.pl\/wp-content\/uploads\/2015\/06\/6KYU-ksi\u0105\u017ceczka.pdf\">6KYU ksi\u0105\u017ceczka<\/a><\/p>\n<h1><\/h1>\n","protected":false},"excerpt":{"rendered":"<p>ZASADY EGZAMIN\u00d3W KYU \u00a0 Warunki, kt\u00f3re musi spe\u0142ni\u0107 kandydat wyra\u017caj\u0105cy ch\u0119\u0107 przyst\u0105pienia do egzaminu na 6 i kolejne stopnie KYU Aby trener m\u00f3g\u0142 dopu\u015bci\u0107 zawodnika do egzaminu od 6 KYU do 1 KYU, kandydat musi spe\u0142ni\u0107 \u0142\u0105cznie poni\u017csze warunki: Odbycie &hellip; <a href=\"https:\/\/judo.btc.pl\/?page_id=684\">Czytaj dalej <span class=\"meta-nav\">&rarr;<\/span><\/a><\/p>\n","protected":false},"author":1,"featured_media":0,"parent":0,"menu_order":0,"comment_status":"closed","ping_status":"closed","template":"","meta":{"footnotes":""},"class_list":["post-684","page","type-page","status-publish","hentry"],"_links":{"self":[{"href":"https:\/\/judo.btc.pl\/index.php?rest_route=\/wp\/v2\/pages\/684"}],"collection":[{"href":"https:\/\/judo.btc.pl\/index.php?rest_route=\/wp\/v2\/pages"}],"about":[{"href":"https:\/\/judo.btc.pl\/index.php?rest_route=\/wp\/v2\/types\/page"}],"author":[{"embeddable":true,"href":"https:\/\/judo.btc.pl\/index.php?rest_route=\/wp\/v2\/users\/1"}],"replies":[{"embeddable":true,"href":"https:\/\/judo.btc.pl\/index.php?rest_route=%2Fwp%2Fv2%2Fcomments&post=684"}],"version-history":[{"count":14,"href":"https:\/\/judo.btc.pl\/index.php?rest_route=\/wp\/v2\/pages\/684\/revisions"}],"predecessor-version":[{"id":1416,"href":"https:\/\/judo.btc.pl\/index.php?rest_route=\/wp\/v2\/pages\/684\/revisions\/1416"}],"wp:attachment":[{"href":"https:\/\/judo.btc.pl\/index.php?rest_route=%2Fwp%2Fv2%2Fmedia&parent=684"}],"curies":[{"name":"wp","href":"https:\/\/api.w.org\/{rel}","templated":true}]}}