{"id":550,"date":"2014-09-15T13:31:44","date_gmt":"2014-09-15T11:31:44","guid":{"rendered":"http:\/\/judo.btc.pl\/?page_id=550"},"modified":"2015-10-26T14:20:23","modified_gmt":"2015-10-26T13:20:23","slug":"ranking","status":"publish","type":"page","link":"https:\/\/judo.btc.pl\/?page_id=550","title":{"rendered":"Ranking"},"content":{"rendered":"<p style=\"text-align: center;\"><b>Punktacja do rankingu zawodnik\u00f3w Sekcji Judo LTS<\/b><\/p>\n<p style=\"text-align: justify;\">Ka\u017cdy zawodnik otrzymuje punkty za aktywno\u015b\u0107 zawodnicz\u0105 wg poni\u017cszej tabeli. Zdobycie wi\u0119kszej ilo\u015bci punkt\u00f3w wp\u0142ywa na przydzielenie do bardziej zaawansowanej grupy treningowej, a wygranie rankingu w bie\u017c\u0105cym roku treningowym (szkolnym) skutkuje obni\u017ceniem wysoko\u015bci sk\u0142adki miesi\u0119cznej w kolejnym roku o 50 %.<\/p>\n<p>&nbsp;<\/p>\n<div align=\"center\">\n<table border=\"1\" cellspacing=\"0\" cellpadding=\"0\">\n<tbody>\n<tr>\n<td width=\"94\">\n<p align=\"center\">ILO\u015a\u0106 PUNKT\u00d3W<\/p>\n<\/td>\n<td width=\"234\">\n<p align=\"center\">AKTYWNO\u015a\u0106 ZAWODNIKA<\/p>\n<\/td>\n<\/tr>\n<tr>\n<td width=\"94\">\n<p style=\"text-align: center;\"><strong>1<\/strong><\/p>\n<\/td>\n<td valign=\"top\" width=\"234\">Aktywny udzia\u0142 w treningu<\/td>\n<\/tr>\n<tr>\n<td width=\"94\">\n<p style=\"text-align: center;\"><strong>5<\/strong><\/p>\n<\/td>\n<td valign=\"top\" width=\"234\">Udzia\u0142 w \u00a0randori<\/td>\n<\/tr>\n<tr>\n<td width=\"94\">\n<p style=\"text-align: center;\"><strong>5<\/strong><\/p>\n<\/td>\n<td valign=\"top\" width=\"234\">Udzia\u0142 w treningu na obozie sportowym<\/td>\n<\/tr>\n<tr>\n<td width=\"94\">\n<p style=\"text-align: center;\"><strong>15<\/strong><\/p>\n<\/td>\n<td valign=\"top\" width=\"234\">III miejsce na zawodach<\/td>\n<\/tr>\n<tr>\n<td width=\"94\">\n<p style=\"text-align: center;\"><strong>20<\/strong><\/p>\n<\/td>\n<td valign=\"top\" width=\"234\">II miejsce na zawodach<\/td>\n<\/tr>\n<tr>\n<td width=\"94\">\n<p style=\"text-align: center;\"><strong>25<\/strong><\/p>\n<\/td>\n<td valign=\"top\" width=\"234\">I miejsce na zawodach<\/td>\n<\/tr>\n<tr>\n<td width=\"94\">\n<p style=\"text-align: center;\"><strong>50<\/strong><\/p>\n<\/td>\n<td valign=\"top\" width=\"234\">Udzia\u0142 w zawodach lub pokazach<\/td>\n<\/tr>\n<tr>\n<td width=\"94\">\n<p style=\"text-align: center;\"><strong>X=<\/strong>10000\/<strong>E<\/strong>\u00b2<\/p>\n<\/td>\n<td valign=\"top\" width=\"234\">E \u2013 wynik testu sprawno\u015bci motorycznej w judo<\/td>\n<\/tr>\n<\/tbody>\n<\/table>\n<\/div>\n<p>&nbsp;<\/p>\n<p>&nbsp;<\/p>\n<p>&nbsp;<\/p>\n<p>&nbsp;<\/p>\n<p>&nbsp;<\/p>\n<p>&nbsp;<\/p>\n<p>&nbsp;<\/p>\n<p>&nbsp;<\/p>\n<p>&nbsp;<\/p>\n","protected":false},"excerpt":{"rendered":"<p>Punktacja do rankingu zawodnik\u00f3w Sekcji Judo LTS Ka\u017cdy zawodnik otrzymuje punkty za aktywno\u015b\u0107 zawodnicz\u0105 wg poni\u017cszej tabeli. Zdobycie wi\u0119kszej ilo\u015bci punkt\u00f3w wp\u0142ywa na przydzielenie do bardziej zaawansowanej grupy treningowej, a wygranie rankingu w bie\u017c\u0105cym roku treningowym (szkolnym) skutkuje obni\u017ceniem wysoko\u015bci &hellip; <a href=\"https:\/\/judo.btc.pl\/?page_id=550\">Czytaj dalej <span class=\"meta-nav\">&rarr;<\/span><\/a><\/p>\n","protected":false},"author":1,"featured_media":0,"parent":0,"menu_order":0,"comment_status":"closed","ping_status":"closed","template":"","meta":{"footnotes":""},"class_list":["post-550","page","type-page","status-publish","hentry"],"_links":{"self":[{"href":"https:\/\/judo.btc.pl\/index.php?rest_route=\/wp\/v2\/pages\/550"}],"collection":[{"href":"https:\/\/judo.btc.pl\/index.php?rest_route=\/wp\/v2\/pages"}],"about":[{"href":"https:\/\/judo.btc.pl\/index.php?rest_route=\/wp\/v2\/types\/page"}],"author":[{"embeddable":true,"href":"https:\/\/judo.btc.pl\/index.php?rest_route=\/wp\/v2\/users\/1"}],"replies":[{"embeddable":true,"href":"https:\/\/judo.btc.pl\/index.php?rest_route=%2Fwp%2Fv2%2Fcomments&post=550"}],"version-history":[{"count":10,"href":"https:\/\/judo.btc.pl\/index.php?rest_route=\/wp\/v2\/pages\/550\/revisions"}],"predecessor-version":[{"id":702,"href":"https:\/\/judo.btc.pl\/index.php?rest_route=\/wp\/v2\/pages\/550\/revisions\/702"}],"wp:attachment":[{"href":"https:\/\/judo.btc.pl\/index.php?rest_route=%2Fwp%2Fv2%2Fmedia&parent=550"}],"curies":[{"name":"wp","href":"https:\/\/api.w.org\/{rel}","templated":true}]}}