{"id":543,"date":"2014-09-15T12:43:28","date_gmt":"2014-09-15T10:43:28","guid":{"rendered":"http:\/\/judo.btc.pl\/?page_id=543"},"modified":"2023-08-31T09:22:08","modified_gmt":"2023-08-31T07:22:08","slug":"regulamin-cennik","status":"publish","type":"page","link":"https:\/\/judo.btc.pl\/?page_id=543","title":{"rendered":"Regulamin Cennik"},"content":{"rendered":"<p align=\"center\"><strong>REGULAMIN <\/strong><br \/>\n<strong>Klubu Sportowego SAKANA<\/strong><\/p>\n<p>&nbsp;<\/p>\n<p align=\"center\"><b>\u00a7 1.<\/b><\/p>\n<p align=\"center\">Postanowienia Og\u00f3lne<\/p>\n<ol style=\"text-align: justify;\">\n<li>Warunkiem uczestnictwa w zaj\u0119ciach Klubu Sportowego SAKANA jest akceptacja wszystkich punkt\u00f3w poni\u017cszego regulaminu przez uczestnika zaj\u0119\u0107 b\u0105d\u017a, w przypadku os\u00f3b niepe\u0142noletnich, przez jego rodzica lub opiekuna. Dokonanie zapisu na zaj\u0119cia, wype\u0142nienie i podpisanie deklaracji cz\u0142onkowskiej uczestnika oraz zap\u0142ata s\u0105 r\u00f3wnoznaczne z akceptacj\u0105 niniejszego regulaminu.<\/li>\n<li>Zapisuj\u0105c na zaj\u0119cia w\u00a0KS SAKANA uczestnik (rodzic\/opiekun) jest \u015bwiadom swojego (dziecka) stanu zdrowia oraz kondycji fizycznej a w zaj\u0119ciach uczestniczy na w\u0142asn\u0105 odpowiedzialno\u015b\u0107. KS SAKANA nie odpowiada za kontuzje wynik\u0142e z ukrytych schorze\u0144 uczestnik\u00f3w zaj\u0119\u0107.<\/li>\n<li>W przeci\u0105gu miesi\u0105ca od podj\u0119cia trening\u00f3w w KS SAKANA dostarczenie trenerowi zgody lekarza na uczestnictwo w zaj\u0119ciach sportowych. Zgod\u0119 wydaje lekarz POZ lub lekarz medycyny sportowej (na NFZ w przychodni przy ul. Sowi\u0144skiego 4 &#8211; <a title=\"Przychodnia\" href=\"http:\/\/www.nzozlegionowo.pl\/\" target=\"_blank\">str. www.<\/a>).<\/li>\n<li>KS SAKANA i instruktorzy nie ponosz\u0105 odpowiedzialno\u015bci za drog\u0119 os\u00f3b niepe\u0142noletnich zar\u00f3wno z domu na zaj\u0119cia jak i z zaj\u0119\u0107 do domu.<\/li>\n<li>Przed treningiem uczestnicy na sal\u0119 wchodz\u0105 za zgod\u0105 trenera, do tego czasu pozostaj\u0105 pod opiek\u0105 rodzic\u00f3w\/opiekun\u00f3w. Podczas treningu przebywaj\u0105 na sali treningowej jedynie pod opiek\u0105 trenera. Opiekunowie oczekuj\u0105 na swoje pociechy poza sal\u0105.<\/li>\n<li>Po zako\u0144czonym treningu dzieci s\u0105 niezw\u0142ocznie odbierane przez swoich opiekun\u00f3w. A je\u015bli zaistniej\u0105 nieprzewidziane sytuacje, kt\u00f3re to uniemo\u017cliwi\u0105, w\u00f3wczas trener powinien zosta\u0107 o tym powiadomiony telefonicznie przed zako\u0144czeniem treningu.<\/li>\n<li>Za przedmioty pozostawione na terenie obiektu, w kt\u00f3rym s\u0105 prowadzone zaj\u0119cia KS SAKANA nie ponosi odpowiedzialno\u015bci.<\/li>\n<\/ol>\n<p style=\"text-align: center;\" align=\"center\"><b>\u00a7 2.<\/b><\/p>\n<p style=\"text-align: center;\" align=\"center\">Szczeg\u00f3lne warunki uczestnictwa<\/p>\n<ol style=\"text-align: justify;\">\n<li>Warunkiem uczestnictwa w zaj\u0119ciach grup dzieci\u0119cych , m\u0142odzie\u017cowych oraz dla doros\u0142ych , jest uiszczenie pe\u0142nej op\u0142aty za ca\u0142y miesi\u0105c (w zale\u017cno\u015bci od ilo\u015bci zaj\u0119\u0107 w danym miesi\u0105cu) zgodnie z cennikiem. Wp\u0142at\u0119 nale\u017cy dokona\u0107 przed rozpocz\u0119ciem pierwszych zaj\u0119\u0107 danego cyklu.<br \/>\nOp\u0142ata za zaj\u0119cia nie podlega zwrotowi w przypadku nieobecno\u015bci uczestnika zaj\u0119\u0107 !!!<\/li>\n<li>Brak wp\u0142aty przed drugimi zaj\u0119ciami w miesi\u0105cu skutkuje\u00a0 nie wpuszczeniem na sale treningow\u0105.<\/li>\n<li>Je\u017celi ilo\u015b\u0107 uczestnik\u00f3w w grupie jest mniejsza ni\u017c 10 os\u00f3b KS SAKANA zastrzega sobie prawo zamkni\u0119cia grupy,\u00a0 po\u0142\u0105czenia jej z inn\u0105 grup\u0105 lub zmiany warunk\u00f3w uczestnictwa (w tym wysoko\u015b\u0107 op\u0142at i termin\u00f3w odbywania si\u0119 zaj\u0119\u0107). W takim przypadku uczestnik ma prawo zrezygnowa\u0107 z zaj\u0119\u0107.<\/li>\n<li>Warunkiem uczestnictwa w lekcjach indywidualnych jest uiszczenie op\u0142aty za pojedyncz\u0105 lekcj\u0119 po uprzednim zapisaniu si\u0119 na konkretny termin do wybranego instruktora.<\/li>\n<li>Zabrania si\u0119 samodzielnego udzia\u0142u w zawodach bez uprzedniej zgody trenera.<\/li>\n<\/ol>\n<p style=\"text-align: center;\" align=\"center\"><b>\u00a7 3.<\/b><\/p>\n<p style=\"text-align: center;\" align=\"center\">Podzia\u0142 na grupy treningowe<\/p>\n<ol style=\"text-align: justify;\">\n<li>Uczestnicy zaj\u0119\u0107 zostaj\u0105 podzieleni na grupy w zale\u017cno\u015bci od wieku, poziomu zaawansowania, umiej\u0119tno\u015bci i sprawno\u015bci fizycznej. Podzia\u0142u dokonuj\u0105 trenerzy i instruktorzy prowadz\u0105cy zaj\u0119cia.<\/li>\n<li>Zawodnicy zobowi\u0105zani s\u0105 ucz\u0119szcza\u0107 na zaj\u0119cia do grupy, do kt\u00f3rej zostali przydzieleni przez instruktora. Zmiana grupy jest mo\u017cliwa jedynie po uzyskaniu zgody prowadz\u0105cego zaj\u0119cia.<\/li>\n<li>Co najmniej raz w roku (najcz\u0119\u015bciej dwa razy) zawodnicy s\u0105 poddawani ocenie swoich umiej\u0119tno\u015bci i poziomu sprawno\u015bci fizycznej poprzez egzaminy i testy umiej\u0119tno\u015bciowo\u2013sprawno\u015bciowe. Uzyskany wynik decyduje o przydzieleniu uczestnika do odpowiedniej grupy treningowej.<\/li>\n<li>O przydzieleniu zawodnika do okre\u015blonej grupy treningowej mog\u0105 r\u00f3wnie\u017c decydowa\u0107 inne wymierne parametry takie jak: obecno\u015bci na treningach<br \/>\ni obozach; udzia\u0142 w zawodach; zajmowane miejsca na zawodach i inne okre\u015blone wcze\u015bniej przez instruktor\u00f3w. Punktacja wp\u0142ywaj\u0105ca na przydzia\u0142 zawodnika do okre\u015blonej grupy treningowej dost\u0119pna jest w zak\u0142adce ranking<a title=\"Ranking\" href=\"http:\/\/judo.btc.pl\/?page_id=550\"> tutaj<\/a>.<\/li>\n<li>Jedynymi i kompetentnymi osobami mog\u0105cymi weryfikowa\u0107 i ocenia\u0107 umiej\u0119tno\u015bci i sprawno\u015b\u0107 zawodnik\u00f3w s\u0105 trenerzy i instruktorzy KS SAKANA. Od podj\u0119tych przez nich decyzji przys\u0142uguje odwo\u0142anie do Zarz\u0105du KS SAKANA.<\/li>\n<\/ol>\n<p style=\"text-align: center;\" align=\"center\"><b>\u00a7 <b>4<\/b>.<\/b><\/p>\n<p style=\"text-align: center;\" align=\"center\">Wysoko\u015b\u0107 op\u0142at<\/p>\n<ol style=\"text-align: justify;\">\n<li>Wysoko\u015b\u0107 op\u0142at za zaj\u0119cia podana jest w cenniku poni\u017cej lub na stronie internetowej www.judo-legionowo.pl. Op\u0142aty mog\u0105 ulec zmianie po uprzednim poinformowaniu uczestnik\u00f3w zaj\u0119\u0107.<\/li>\n<\/ol>\n<p style=\"text-align: justify;\">Uwaga !!!\u00a0 W przypadku dokonania op\u0142aty po drugich zaj\u0119ciach trwaj\u0105cego cyklu nast\u0119puje wzrost op\u0142at o 50 %.<\/p>\n<p style=\"text-align: center;\" align=\"center\"><b>\u00a7 <b>5<\/b>.<\/b><\/p>\n<p style=\"text-align: center;\" align=\"center\">Zasady obowi\u0105zuj\u0105ce w obiektach sportowych\u00a0KS SAKANA<\/p>\n<ol style=\"text-align: justify;\">\n<li>Na terenie KS SAKANA obowi\u0105zuje ca\u0142kowity zakaz palenia tytoniu, spo\u017cywania alkoholu oraz wszelkich innych u\u017cywek. W zaj\u0119ciach nie mog\u0105 uczestniczy\u0107 osoby b\u0119d\u0105ce pod wp\u0142ywem alkoholu lub jakichkolwiek innych \u015brodk\u00f3w odurzaj\u0105cych.<\/li>\n<li>Na sale treningow\u0105 mo\u017cna wej\u015b\u0107 w klapkach lub czystym obuwiu zmiennym, kt\u00f3re nie niszczy pod\u0142ogi (nie posiada metalowych element\u00f3w mog\u0105cych mie\u0107 kontakt z pod\u0142o\u017cem oraz nie pozostawia innych \u015blad\u00f3w). Na macie (tatami) \u0107wicz\u0105cy s\u0105 na boso \u2013 bez skarpet. Uczestnicy zaj\u0119\u0107 ubrani s\u0105 w judogi, ew. spodnie dresowe do kostki (ew. d\u0142ugo\u015bci 3\/4) bez metalowych cz\u0119\u015bci i T-shirt (dotyczy jedynie grup pocz\u0105tkuj\u0105cych). Dla bezpiecze\u0144stwa swojego i pozosta\u0142ych uczestnik\u00f3w treningu dziecko nie mo\u017ce mie\u0107 na sobie skarpetek, kolczyk\u00f3w, wisiork\u00f3w, bransoletek, pier\u015bcionk\u00f3w, gumek z plastikiem lub metalem, spinek itp. Rodzice proszeni s\u0105 o sprawdzenie higieny st\u00f3p i d\u0142oni dzieci przed wej\u015bciem na sal\u0119 (paznokcie przyci\u0119te na kr\u00f3tko).<\/li>\n<li>Korzystanie z aparat\u00f3w fotograficznych i kamer podczas zaj\u0119\u0107 i innych przedsi\u0119wzi\u0119\u0107 KS SAKANA bez pisemnej zgody instruktora jest zabronione.<\/li>\n<li>W wyj\u0105tkowych przypadkach KS SAKANA ma prawo odwo\u0142a\u0107 zaj\u0119cia, zmieni\u0107 ich termin lub zorganizowa\u0107 zast\u0119pstwo za instruktora. Informacja b\u0119dzie dost\u0119pna na tablicy informacyjnej lub dostarczana do uczestnik\u00f3w osobi\u015bcie lub drog\u0105 elektroniczn\u0105.<\/li>\n<li>Uczestnik zaj\u0119\u0107 zobowi\u0105zany jest do stosowania si\u0119 do polece\u0144 osoby prowadz\u0105cej zaj\u0119cia.<\/li>\n<li>O opuszczenie Sali treningowej mog\u0105 zosta\u0107 poproszone osoby, kt\u00f3re nie stosuj\u0105 si\u0119 do niniejszego regulaminu KS SAKANA, ich zachowanie przeszkadza innym uczestnikom lub zagra\u017ca bezpiecze\u0144stwu os\u00f3b b\u0105d\u017a wyposa\u017ceniu obiektu, w kt\u00f3rym odbywaj\u0105 si\u0119 zaj\u0119cia. Uczestnik zobowi\u0105zuje si\u0119 do poszanowania praw i godno\u015bci pracownik\u00f3w oraz innych uczestnik\u00f3w zaj\u0119\u0107 KS SAKANA.<\/li>\n<\/ol>\n<p style=\"text-align: center;\" align=\"center\"><b>\u00a7 <b>6<\/b>.<\/b><\/p>\n<p style=\"text-align: center;\" align=\"center\">Postanowienia ko\u0144cowe<\/p>\n<ol style=\"text-align: justify;\">\n<li>Klienci\u00a0KS SAKANA zobowi\u0105zani s\u0105 do czytania bie\u017c\u0105cych informacji umieszczanych na tablicy informacyjnej i na stronie internetowej www.judo-legionowo.pl oraz dostosowywanie si\u0119 do nich.<\/li>\n<li>Uczestnicy zaj\u0119\u0107 proszeni s\u0105 o poszanowanie mienia nale\u017c\u0105cego do\u00a0KS SAKANA oraz zobowi\u0105zani s\u0105 do pe\u0142nej rekompensaty strat materialnych wynikaj\u0105cych z niew\u0142a\u015bciwego zachowania podczas przebywania na terenie budynku. Za starty materialne spowodowane przez osoby niepe\u0142noletnie odpowiadaj\u0105 ich rodzice lub opiekunowie prawni.<\/li>\n<li>KS SAKANA zastrzega sobie prawo do wykorzystania materia\u0142\u00f3w filmowych i zdj\u0119\u0107 wykonywanych podczas zaj\u0119\u0107, turniej\u00f3w, pokaz\u00f3w itp. do cel\u00f3w promocyjnych i informacyjnych na co ka\u017cdy uczestnik wyra\u017ca zgod\u0119 wype\u0142niaj\u0105c i podpisuj\u0105c deklaracj\u0119 cz\u0142onkowsk\u0105.<\/li>\n<li>Z uwagi na przynale\u017cno\u015b\u0107 KS SAKANA do Polskiego Zwi\u0105zku Judo jak i postanowie\u0144 regulaminu KS SAKANA uczestnik NIE mo\u017ce:<br \/>\n&#8211; ucz\u0119szcza\u0107 na zaj\u0119cia do innego klubu judo,<br \/>\n&#8211; reprezentowa\u0107 innego klubu judo na zawodach bez pisemnej zgody Zarz\u0105du KS SAKANA,<br \/>\n&#8211; zmieni\u0107 klubu bez pisemnej zgody Zarz\u0105du KS SAKANA.<br \/>\nZ\u0142amanie powy\u017cszych zakaz\u00f3w skutkuje na\u0142o\u017ceniem na zawodnika kary rocznej dyskwalifikacji uniemo\u017cliwiaj\u0105cej udzia\u0142 w zawodach judo.<\/li>\n<li>W przypadku rezygnacji z uczestnictwa w zaj\u0119ciach KS SAKANA obowi\u0105zuje miesi\u0119czne wypowiedzenie liczone od dnia z\u0142o\u017cenia za po\u015brednictwem poczty elektronicznej na adres e-mail: judo-legionowo@wp.pl o\u015bwiadczenia o rezygnacji uczestnictwa w zaj\u0119ciach.<\/li>\n<\/ol>\n<ul style=\"text-align: justify;\">\n<li>Wszelkie sprawy nie obj\u0119te niniejszym regulaminem s\u0105 regulowane bezpo\u015brednio przez Zarz\u0105du KS SAKANA.<\/li>\n<li>Poszczeg\u00f3lne punkty regulaminu mog\u0105 ulec zmianie po uprzednim poinformowaniu uczestnik\u00f3w zaj\u0119\u0107.<\/li>\n<\/ul>\n<p style=\"text-align: right;\" align=\"center\">Prezes KS SAKANA<\/p>\n<p style=\"text-align: right;\" align=\"center\">Jacek Ku\u017ami\u0144ski<\/p>\n<p style=\"text-align: center;\" align=\"center\"><strong>CENNIK<\/strong><\/p>\n<p><strong>Sk\u0142adka miesi\u0119czna za przynale\u017cno\u015b\u0107\u00a0do sekcji\u00a0JUDO i GIMNASTYKI wynosi 110z\u0142<\/strong><\/p>\n<h2><strong>Sk\u0142adka miesi\u0119czna za przynale\u017cno\u015b\u0107\u00a0do sekcji\u00a0FITNESS wynosi 90 z\u0142\u00a0<\/strong><\/h2>\n<ul>\n<li><span style=\"font-weight: 300;\">sk\u0142adk\u0119 nale\u017cy op\u0142aci\u0107 niezale\u017cnie od ilo\u015bci odbytych trening\u00f3w.<\/span><\/li>\n<\/ul>\n<p>Sk\u0142adk\u0119 miesi\u0119czn\u0105 za zaj\u0119cia nale\u017cy wnosi\u0107 na konto przed pierwszymi zaj\u0119ciami w danym miesi\u0105cu (z uwzgl\u0119dnieniem \u00a7 4. pkt 1. Regulaminu \u2013 w przypadku dokonania op\u0142aty po drugich zaj\u0119ciach trwaj\u0105cego cyklu nast\u0119puje wzrost op\u0142aty o 50 %).<\/p>\n<p><strong>Udzia\u0142 w ka\u017cdym treningu wynosi 10 z\u0142 (w grupach nr 6 ,7 i Fit. wynosi 5 z\u0142).<\/strong><\/p>\n<p>Rodzinna zni\u017cka op\u0142at za treningi (nie dotyczy sk\u0142adki miesi\u0119cznej):\u00a020 z\u0142 za drug\u0105 osob\u0119 z rodziny (rodze\u0144stwo, rodzic),\u00a030 z\u0142 za trzeci\u0105 osob\u0119 i ka\u017cd\u0105 nast\u0119pn\u0105 z rodziny.<\/p>\n<p><strong>Wp\u0142aty nale\u017cy dokona\u0107 na konto Klubu Sportowego SAKANA w banku PKO BP 10102010260000160204585453 z podaniem w tytule przelewu IMI\u0118 NAZWISKO dziecka i miesi\u0105ca op\u0142aty (prosimy aby tytu\u0142 przelewu na pocz\u0105tku zawiera\u0142 imi\u0119 i nazwisko dziecka &#8211; bez przecink\u00f3w aby system dobrze rozpozna\u0142 wp\u0142at\u0119)<\/strong><\/p>\n","protected":false},"excerpt":{"rendered":"<p>REGULAMIN Klubu Sportowego SAKANA &nbsp; \u00a7 1. Postanowienia Og\u00f3lne Warunkiem uczestnictwa w zaj\u0119ciach Klubu Sportowego SAKANA jest akceptacja wszystkich punkt\u00f3w poni\u017cszego regulaminu przez uczestnika zaj\u0119\u0107 b\u0105d\u017a, w przypadku os\u00f3b niepe\u0142noletnich, przez jego rodzica lub opiekuna. Dokonanie zapisu na zaj\u0119cia, wype\u0142nienie &hellip; <a href=\"https:\/\/judo.btc.pl\/?page_id=543\">Czytaj dalej <span class=\"meta-nav\">&rarr;<\/span><\/a><\/p>\n","protected":false},"author":1,"featured_media":0,"parent":0,"menu_order":0,"comment_status":"closed","ping_status":"closed","template":"","meta":{"footnotes":""},"class_list":["post-543","page","type-page","status-publish","hentry"],"_links":{"self":[{"href":"https:\/\/judo.btc.pl\/index.php?rest_route=\/wp\/v2\/pages\/543"}],"collection":[{"href":"https:\/\/judo.btc.pl\/index.php?rest_route=\/wp\/v2\/pages"}],"about":[{"href":"https:\/\/judo.btc.pl\/index.php?rest_route=\/wp\/v2\/types\/page"}],"author":[{"embeddable":true,"href":"https:\/\/judo.btc.pl\/index.php?rest_route=\/wp\/v2\/users\/1"}],"replies":[{"embeddable":true,"href":"https:\/\/judo.btc.pl\/index.php?rest_route=%2Fwp%2Fv2%2Fcomments&post=543"}],"version-history":[{"count":29,"href":"https:\/\/judo.btc.pl\/index.php?rest_route=\/wp\/v2\/pages\/543\/revisions"}],"predecessor-version":[{"id":1467,"href":"https:\/\/judo.btc.pl\/index.php?rest_route=\/wp\/v2\/pages\/543\/revisions\/1467"}],"wp:attachment":[{"href":"https:\/\/judo.btc.pl\/index.php?rest_route=%2Fwp%2Fv2%2Fmedia&parent=543"}],"curies":[{"name":"wp","href":"https:\/\/api.w.org\/{rel}","templated":true}]}}