{"id":17,"date":"2012-11-09T22:58:52","date_gmt":"2012-11-09T21:58:52","guid":{"rendered":"http:\/\/judo.btc.pl\/?page_id=17"},"modified":"2022-09-30T13:01:41","modified_gmt":"2022-09-30T11:01:41","slug":"historia","status":"publish","type":"page","link":"https:\/\/judo.btc.pl\/?page_id=17","title":{"rendered":"Historia"},"content":{"rendered":"<p style=\"text-align: justify;\">We <strong>wrze\u015bniu<\/strong> <strong>2006<\/strong> <strong>roku<\/strong> pod patronatem Legionowskiego Towarzystwa Sportowego przy Centrum Szkolenia Policji w Legionowie w porozumieniu z Komendantem Centrum Szkolenia Policji i Prezesem Legionowskiego Towarzystwa Sportowego zosta\u0142a powo\u0142ana Sekcja Judo dzieci, kt\u00f3rej prowadz\u0105cym zosta\u0142 trener Jacek Ku\u017ami\u0144ski instruktor Zak\u0142adu Taktyki i Technik Interwencji.<\/p>\n<p style=\"text-align: justify;\">\u00a0\u00a0\u00a0\u00a0\u00a0\u00a0\u00a0\u00a0\u00a0\u00a0\u00a0 Pierwsze zaj\u0119cia odby\u0142y si\u0119 5 wrze\u015bnia na macie nr 1 hali sportowej CSP, na kt\u00f3re zg\u0142osi\u0142o si\u0119 pi\u0119tna\u015bcioro dzieci z Legionowa i okolic. Zaj\u0119cia zosta\u0142y zaplanowane dwa razy w tygodniu po godzinie. Z tygodnia na tydzie\u0144 liczba dzieci ucz\u0119szczaj\u0105cych na zaj\u0119cia ros\u0142a, w zwi\u0105zku z czym pod koniec pa\u017adziernika zaistnia\u0142a konieczno\u015b\u0107 podzielenia grupy licz\u0105cej ju\u017c 37 os\u00f3b na dwie \u2013 m\u0142odsz\u0105 (15 os.) i starsz\u0105 (22 os.). Od 7 listopada 2006 roku dzieci zacz\u0119\u0142y ucz\u0119szcza\u0107 na zaj\u0119cia w dw\u00f3ch grupach: grupa m\u0142odsza do 8 lat; grupa starsza od 9 lat.<\/p>\n<p style=\"text-align: justify;\">\u00a0\u00a0\u00a0\u00a0\u00a0\u00a0\u00a0\u00a0\u00a0\u00a0\u00a0 Za\u0142o\u017cyciel i trener Sekcji Judo LTS Jacek Ku\u017ami\u0144ski jest absolwentem Akademii Wychowania Fizycznego we Wroc\u0142awiu, gdzie zdoby\u0142 uprawnienia trenera II klasy. Jego kariera sportowa z licznymi sukcesami sportowymi, takimi jak kilkukrotne mistrzostwo Polski, udzia\u0142 w Mistrzostwach \u015awiata i Pucharze \u015awiata, a tak\u017ce wieloletni udzia\u0142 w zgrupowaniach kadry narodowej oraz kilkuletnie do\u015bwiadczenie trenerskie pozwalaj\u0105 obiecuj\u0105co spojrze\u0107 na przysz\u0142o\u015b\u0107 legionowskiej sekcji.<\/p>\n<p style=\"text-align: justify;\">W pa\u017adzierniku 2020 roku cz\u0142onkowie LTS postanowili zrzeszy\u0107 si\u0119 w nowym stowarzyszeniu, kt\u00f3re od 27 pa\u017adziernika 2020 roku nosi nazw\u0119 Klubu Sportowego SAKANA z siedzib\u0105 przy ul. Zegrzy\u0144skiej 15.<\/p>\n<p style=\"text-align: justify;\">Od wrze\u015bnia 2022 roku KS SAKANA zacz\u0105\u0142 wsp\u00f3\u0142prac\u0119 z dwoma szko\u0142ami: Niepublicznym Liceum J\u0119zykowym &#8222;Academy of the Future&#8221; przy ulicy Parkowej 27B oraz Zespo\u0142em Szk\u00f3\u0142 Salezja\u0144skich przy ulicy Adama Mickiewicza 35A, gdzie s\u0105 prowadzone zaj\u0119cia z judo.<\/p>\n","protected":false},"excerpt":{"rendered":"<p>We wrze\u015bniu 2006 roku pod patronatem Legionowskiego Towarzystwa Sportowego przy Centrum Szkolenia Policji w Legionowie w porozumieniu z Komendantem Centrum Szkolenia Policji i Prezesem Legionowskiego Towarzystwa Sportowego zosta\u0142a powo\u0142ana Sekcja Judo dzieci, kt\u00f3rej prowadz\u0105cym zosta\u0142 trener Jacek Ku\u017ami\u0144ski instruktor Zak\u0142adu &hellip; <a href=\"https:\/\/judo.btc.pl\/?page_id=17\">Czytaj dalej <span class=\"meta-nav\">&rarr;<\/span><\/a><\/p>\n","protected":false},"author":1,"featured_media":0,"parent":0,"menu_order":2,"comment_status":"closed","ping_status":"closed","template":"","meta":{"footnotes":""},"class_list":["post-17","page","type-page","status-publish","hentry"],"_links":{"self":[{"href":"https:\/\/judo.btc.pl\/index.php?rest_route=\/wp\/v2\/pages\/17"}],"collection":[{"href":"https:\/\/judo.btc.pl\/index.php?rest_route=\/wp\/v2\/pages"}],"about":[{"href":"https:\/\/judo.btc.pl\/index.php?rest_route=\/wp\/v2\/types\/page"}],"author":[{"embeddable":true,"href":"https:\/\/judo.btc.pl\/index.php?rest_route=\/wp\/v2\/users\/1"}],"replies":[{"embeddable":true,"href":"https:\/\/judo.btc.pl\/index.php?rest_route=%2Fwp%2Fv2%2Fcomments&post=17"}],"version-history":[{"count":7,"href":"https:\/\/judo.btc.pl\/index.php?rest_route=\/wp\/v2\/pages\/17\/revisions"}],"predecessor-version":[{"id":1308,"href":"https:\/\/judo.btc.pl\/index.php?rest_route=\/wp\/v2\/pages\/17\/revisions\/1308"}],"wp:attachment":[{"href":"https:\/\/judo.btc.pl\/index.php?rest_route=%2Fwp%2Fv2%2Fmedia&parent=17"}],"curies":[{"name":"wp","href":"https:\/\/api.w.org\/{rel}","templated":true}]}}