{"id":14,"date":"2012-11-09T22:52:34","date_gmt":"2012-11-09T21:52:34","guid":{"rendered":"http:\/\/judo.btc.pl\/?page_id=14"},"modified":"2023-08-29T17:41:00","modified_gmt":"2023-08-29T15:41:00","slug":"grupy","status":"publish","type":"page","link":"https:\/\/judo.btc.pl\/?page_id=14","title":{"rendered":"Co trenujemy"},"content":{"rendered":"<p style=\"text-align: justify;\"><strong>JUDO<\/strong><\/p>\n<p style=\"text-align: justify;\">System treningowy naszych sekcji oparty jest na &#8222;drodze do zwinno\u015bci i sprawno\u015bci&#8221; (jap. JU &#8211; zwinno\u015b\u0107, sprawno\u015b\u0107; DO &#8211; droga). Ukierunkowanie\u00a0 procesu treningowego na harmonijny i wszechstronny rozw\u00f3j fizyczny organizmu cz\u0142owieka na ka\u017cdym etapie dojza\u0142o\u015bci i doros\u0142o\u015bci.<\/p>\n<h5 style=\"text-align: justify;\">GIMNASTYKA<\/h5>\n<p style=\"text-align: justify;\">Ogromny nacisk k\u0142adziemy na rozw\u00f3j dynamicznie rozwijaj\u0105cego si\u0119 m\u0142odego organizmu poprzez \u0107wiczenia gimnastyczne, dlatego sta\u0142ym elementem treningu s\u0105 \u0107wiczenia przewrot\u00f3w gimnastycznych, \u0107wiczenia rozci\u0105gaj\u0105ce, stanie na r\u0119kach, przerzuty bokiem, itp.<\/p>\n<h5 style=\"text-align: justify;\">GRY I ZABAWY RUCHOWE<\/h5>\n<p style=\"text-align: justify;\">Gry i zabawy ruchowe pozwalaj\u0105 nam w spos\u00f3b atrakcyjny dla dzieci realizowa\u0107 plan treningowy w zakresie rozwoju podstawowych zdolno\u015bci motorycznych.<\/p>\n<h5 style=\"text-align: justify;\">PEWNO\u015a\u0106 SIEBIE I ZDROWA RYWALIZACJA<\/h5>\n<p style=\"text-align: justify;\">Nasi uczniowie cz\u0119sto zmieniaj\u0105 si\u0119 na naszych oczach. Obserwujemy jak spokojne, skryte dzieci rozwijaj\u0105 si\u0119 staj\u0105c si\u0119 liderami grupy. Jest to pozytywne zjawisko nie tylko z punktu widzenia treningu, ale r\u00f3wnie\u017c funkcjonowania w gronie r\u00f3wie\u015bnik\u00f3w. Od samego pocz\u0105tku swojej przygody z judo nasi adepci bior\u0105 udzia\u0142 w zawodach dostosowanych do ich poziomu umiej\u0119tno\u015bci. System nagradzania, kt\u00f3ry stworzyli\u015bmy na bazie wieloletnich do\u015bwiadcze\u0144 sprawia, i\u017c \u017cadne dziecko wracaj\u0105c do domu po zawodach nie czuje si\u0119 przegrane. Drugim niezwykle wa\u017cnym elementem treningu s\u0105 egzaminy na stopnie uczniowskie (kolory pas\u00f3w). Dzieci s\u0105 w ten spos\u00f3b motywowane do treningu.<\/p>\n<h2 style=\"text-align: justify;\">Funny Judo<\/h2>\n<h5 style=\"text-align: justify;\">Na bazie wieloletnich do\u015bwiadcze\u0144 stworzyli\u015bmy nowoczesny program treningowy dla najm\u0142odszych adept\u00f3w judo. Planuj\u0105c zaj\u0119cia, g\u0142\u00f3wny nacisk k\u0142adziemy na uwzgl\u0119dnienie rozwoju psychofizycznego dziecka. Nasz\u0105 przewodni\u0105 zasad\u0105 jest dostosowanie treningu do mo\u017cliwo\u015bci dzieci w ro\u017cnym wieku i na r\u00f3\u017cnym poziomie rozwoju psychomotorycznego.<\/h5>\n<p style=\"text-align: justify;\">Funny Judo to:<\/p>\n<ul style=\"text-align: justify;\">\n<li>\u0107wiczenia og\u00f3lnorozwojowe na bazie treningu judo z elementami gimnastyki i akrobatyki, z du\u017c\u0105 ilo\u015bci\u0105 gier i zabaw ruchowych.<\/li>\n<li>to \u0107wiczenia, kt\u00f3re rozwijaj\u0105 sprawno\u015b\u0107 fizyczn\u0105, kszta\u0142tuj\u0105 charakter, a przy okazji s\u0105 \u015bwietn\u0105 zabaw\u0105.<\/li>\n<li>zaj\u0119cia odbywaj\u0105 si\u0119 na macie tatami i na mi\u0119kkich materacach, a nauk\u0119 judo dzieci rozpoczynaj\u0105 od opanowania umiej\u0119tno\u015bci bezpiecznego upadania. Trudne elementy (rzuty, chwyty) mali zawodnicy \u0107wicz\u0105 kolejno w parach pod okiem trenera.<\/li>\n<li>judo mog\u0105 \u0107wiczy\u0107 wszystkie przedszkolaki 4 \u2013 6 lat, kt\u00f3re rozpiera energia, jak i spokojne maluchy.<\/li>\n<li>najwa\u017cniejsze w tym sporcie jest rozwijanie samego siebie, a nie walka.<\/li>\n<\/ul>\n<p>&nbsp;<\/p>\n","protected":false},"excerpt":{"rendered":"<p>JUDO System treningowy naszych sekcji oparty jest na &#8222;drodze do zwinno\u015bci i sprawno\u015bci&#8221; (jap. JU &#8211; zwinno\u015b\u0107, sprawno\u015b\u0107; DO &#8211; droga). Ukierunkowanie\u00a0 procesu treningowego na harmonijny i wszechstronny rozw\u00f3j fizyczny organizmu cz\u0142owieka na ka\u017cdym etapie dojza\u0142o\u015bci i doros\u0142o\u015bci. GIMNASTYKA Ogromny &hellip; <a href=\"https:\/\/judo.btc.pl\/?page_id=14\">Czytaj dalej <span class=\"meta-nav\">&rarr;<\/span><\/a><\/p>\n","protected":false},"author":1,"featured_media":0,"parent":0,"menu_order":1,"comment_status":"closed","ping_status":"closed","template":"","meta":{"footnotes":""},"class_list":["post-14","page","type-page","status-publish","hentry"],"_links":{"self":[{"href":"https:\/\/judo.btc.pl\/index.php?rest_route=\/wp\/v2\/pages\/14"}],"collection":[{"href":"https:\/\/judo.btc.pl\/index.php?rest_route=\/wp\/v2\/pages"}],"about":[{"href":"https:\/\/judo.btc.pl\/index.php?rest_route=\/wp\/v2\/types\/page"}],"author":[{"embeddable":true,"href":"https:\/\/judo.btc.pl\/index.php?rest_route=\/wp\/v2\/users\/1"}],"replies":[{"embeddable":true,"href":"https:\/\/judo.btc.pl\/index.php?rest_route=%2Fwp%2Fv2%2Fcomments&post=14"}],"version-history":[{"count":9,"href":"https:\/\/judo.btc.pl\/index.php?rest_route=\/wp\/v2\/pages\/14\/revisions"}],"predecessor-version":[{"id":1285,"href":"https:\/\/judo.btc.pl\/index.php?rest_route=\/wp\/v2\/pages\/14\/revisions\/1285"}],"wp:attachment":[{"href":"https:\/\/judo.btc.pl\/index.php?rest_route=%2Fwp%2Fv2%2Fmedia&parent=14"}],"curies":[{"name":"wp","href":"https:\/\/api.w.org\/{rel}","templated":true}]}}