{"id":1318,"date":"2022-10-21T10:42:03","date_gmt":"2022-10-21T08:42:03","guid":{"rendered":"http:\/\/judo.btc.pl\/?page_id=1318"},"modified":"2023-09-07T16:01:05","modified_gmt":"2023-09-07T14:01:05","slug":"zamowienia-strojow-sportowych","status":"publish","type":"page","link":"https:\/\/judo.btc.pl\/?page_id=1318","title":{"rendered":"Zam\u00f3wienia stroj\u00f3w sportowych"},"content":{"rendered":"<p>Je\u017celi chcesz zam\u00f3wi\u0107: JUDOG\u0118, KOSZULK\u0118, BLUZ\u0118<\/p>\n<p>wype\u0142nij <a href=\"http:\/\/judo.btc.pl\/wp-content\/uploads\/2022\/10\/Zam\u00f3wienie-kimono-bluza-koszulka-na-www.odt\">Zam\u00f3wienie<\/a>\u00a0i prze\u015blij e-mailem na: judo-legionowo@wp.pl<\/p>\n<p><a href=\"http:\/\/judo.btc.pl\/wp-content\/uploads\/2022\/10\/Projekt-judogi-U1-SAKANA.jpg\"><img loading=\"lazy\" decoding=\"async\" class=\"alignleft size-thumbnail wp-image-1319\" src=\"http:\/\/judo.btc.pl\/wp-content\/uploads\/2022\/10\/Projekt-judogi-U1-SAKANA-150x150.jpg\" alt=\"Projekt judogi U1 SAKANA\" width=\"150\" height=\"150\" \/><\/a><a href=\"http:\/\/judo.btc.pl\/wp-content\/uploads\/2022\/10\/Judo-Legionowo-koszulka-4035.png\"><img loading=\"lazy\" decoding=\"async\" class=\"alignleft size-thumbnail wp-image-1320\" src=\"http:\/\/judo.btc.pl\/wp-content\/uploads\/2022\/10\/Judo-Legionowo-koszulka-4035-150x150.png\" alt=\"Judo Legionowo koszulka 4035\" width=\"150\" height=\"150\" \/><\/a><a href=\"http:\/\/judo.btc.pl\/wp-content\/uploads\/2022\/10\/Judo-Legionowo-bluzy-4035.png\"><img loading=\"lazy\" decoding=\"async\" class=\"alignleft size-thumbnail wp-image-1322\" src=\"http:\/\/judo.btc.pl\/wp-content\/uploads\/2022\/10\/Judo-Legionowo-bluzy-4035-150x150.png\" alt=\"Judo Legionowo bluzy 4035\" width=\"150\" height=\"150\" \/><\/a><\/p>\n<p>&nbsp;<\/p>\n<p>&nbsp;<\/p>\n<p>&nbsp;<\/p>\n<p>&nbsp;<\/p>\n<p>&nbsp;<\/p>\n<div>CENNIK:<\/div>\n<div>Judoga:<\/div>\n<div>110cm, grubo\u015b\u0107 materia\u0142u &#8211; 350gsm &#8211; cena 250 z\u0142,<br \/>\n120cm, grubo\u015b\u0107 materia\u0142u &#8211; 350gsm &#8211; cena 255 z\u0142,<br \/>\n130cm, grubo\u015b\u0107 materia\u0142u &#8211; 350gsm &#8211; cena 260 z\u0142,<br \/>\n140cm, grubo\u015b\u0107 materia\u0142u &#8211; 350gsm &#8211; cena 265 z\u0142,<br \/>\n140cm, grubo\u015b\u0107 materia\u0142u &#8211; 500gsm &#8211; cena 320 z\u0142,<br \/>\n150cm, grubo\u015b\u0107 materia\u0142u &#8211; 350gsm &#8211; cena 270 z\u0142,<br \/>\n150cm, grubo\u015b\u0107 materia\u0142u &#8211; 500gsm &#8211; cena 325 z\u0142,<br \/>\n160cm, grubo\u015b\u0107 materia\u0142u &#8211; 500gsm &#8211; cena 330 z\u0142,<br \/>\n170cm, grubo\u015b\u0107 materia\u0142u &#8211; 500gsm &#8211; cena 335 z\u0142,<br \/>\n180cm, grubo\u015b\u0107 materia\u0142u &#8211; 500gsm &#8211; cena 340 z\u0142.<\/div>\n<div><\/div>\n<div>Koszulka:<\/div>\n<div>dzieci\u0119ca &#8211; 90 z\u0142<\/div>\n<div>damska\/m\u0119ska &#8211; 110 z\u0142<\/div>\n<div><\/div>\n<div>Bluza:<\/div>\n<div>190 z\u0142<\/div>\n","protected":false},"excerpt":{"rendered":"<p>Je\u017celi chcesz zam\u00f3wi\u0107: JUDOG\u0118, KOSZULK\u0118, BLUZ\u0118 wype\u0142nij Zam\u00f3wienie\u00a0i prze\u015blij e-mailem na: judo-legionowo@wp.pl &nbsp; &nbsp; &nbsp; &nbsp; &nbsp; CENNIK: Judoga: 110cm, grubo\u015b\u0107 materia\u0142u &#8211; 350gsm &#8211; cena 250 z\u0142, 120cm, grubo\u015b\u0107 materia\u0142u &#8211; 350gsm &#8211; cena 255 z\u0142, 130cm, grubo\u015b\u0107 materia\u0142u &hellip; <a href=\"https:\/\/judo.btc.pl\/?page_id=1318\">Czytaj dalej <span class=\"meta-nav\">&rarr;<\/span><\/a><\/p>\n","protected":false},"author":1,"featured_media":0,"parent":0,"menu_order":0,"comment_status":"closed","ping_status":"closed","template":"","meta":{"footnotes":""},"class_list":["post-1318","page","type-page","status-publish","hentry"],"_links":{"self":[{"href":"https:\/\/judo.btc.pl\/index.php?rest_route=\/wp\/v2\/pages\/1318"}],"collection":[{"href":"https:\/\/judo.btc.pl\/index.php?rest_route=\/wp\/v2\/pages"}],"about":[{"href":"https:\/\/judo.btc.pl\/index.php?rest_route=\/wp\/v2\/types\/page"}],"author":[{"embeddable":true,"href":"https:\/\/judo.btc.pl\/index.php?rest_route=\/wp\/v2\/users\/1"}],"replies":[{"embeddable":true,"href":"https:\/\/judo.btc.pl\/index.php?rest_route=%2Fwp%2Fv2%2Fcomments&post=1318"}],"version-history":[{"count":3,"href":"https:\/\/judo.btc.pl\/index.php?rest_route=\/wp\/v2\/pages\/1318\/revisions"}],"predecessor-version":[{"id":1473,"href":"https:\/\/judo.btc.pl\/index.php?rest_route=\/wp\/v2\/pages\/1318\/revisions\/1473"}],"wp:attachment":[{"href":"https:\/\/judo.btc.pl\/index.php?rest_route=%2Fwp%2Fv2%2Fmedia&parent=1318"}],"curies":[{"name":"wp","href":"https:\/\/api.w.org\/{rel}","templated":true}]}}